{"id":129,"date":"2025-02-13T13:24:07","date_gmt":"2025-02-13T16:24:07","guid":{"rendered":"https:\/\/seashell-gull-453430.hostingersite.com\/?page_id=129"},"modified":"2025-02-17T15:10:57","modified_gmt":"2025-02-17T18:10:57","slug":"api","status":"publish","type":"page","link":"https:\/\/wiki.anatod.com\/cat\/api\/","title":{"rendered":"API"},"content":{"rendered":"<p>Entrar a la documentaci\u00f3 de l'API<\/p>\n\n\n\n<p><a href=\"https:\/\/anatod.readme.io\">https:\/\/anatod.readme.io<\/a><\/p>\n\n\n\n<p><strong>Per habilitar l'API al seu sistema i\/o qualsevol consulta al respecte nom\u00e9s es respondr\u00e0 al correu electr\u00f2nic.\u00a0<\/strong><a href=\"mailto:api@ispkeeper.com\">api@ispkeeper.com<\/a><\/p>","protected":false},"excerpt":{"rendered":"<p>Ingresar a la documentaci\u00f3n del API https:\/\/anatod.readme.io Para habilitar el API en su sistema y\/o cualquier consulta sobre la misma solo se responder\u00e1 al email\u00a0api@ispkeeper.com<\/p>","protected":false},"author":1,"featured_media":0,"parent":0,"menu_order":0,"comment_status":"closed","ping_status":"closed","template":"","meta":{"footnotes":""},"class_list":["post-129","page","type-page","status-publish","hentry"],"_links":{"self":[{"href":"https:\/\/wiki.anatod.com\/cat\/wp-json\/wp\/v2\/pages\/129","targetHints":{"allow":["GET"]}}],"collection":[{"href":"https:\/\/wiki.anatod.com\/cat\/wp-json\/wp\/v2\/pages"}],"about":[{"href":"https:\/\/wiki.anatod.com\/cat\/wp-json\/wp\/v2\/types\/page"}],"author":[{"embeddable":true,"href":"https:\/\/wiki.anatod.com\/cat\/wp-json\/wp\/v2\/users\/1"}],"replies":[{"embeddable":true,"href":"https:\/\/wiki.anatod.com\/cat\/wp-json\/wp\/v2\/comments?post=129"}],"version-history":[{"count":3,"href":"https:\/\/wiki.anatod.com\/cat\/wp-json\/wp\/v2\/pages\/129\/revisions"}],"predecessor-version":[{"id":285,"href":"https:\/\/wiki.anatod.com\/cat\/wp-json\/wp\/v2\/pages\/129\/revisions\/285"}],"wp:attachment":[{"href":"https:\/\/wiki.anatod.com\/cat\/wp-json\/wp\/v2\/media?parent=129"}],"curies":[{"name":"wp","href":"https:\/\/api.w.org\/{rel}","templated":true}]}}