{"id":79,"date":"2025-02-12T15:47:58","date_gmt":"2025-02-12T18:47:58","guid":{"rendered":"https:\/\/seashell-gull-453430.hostingersite.com\/?page_id=79"},"modified":"2025-12-23T10:48:34","modified_gmt":"2025-12-23T13:48:34","slug":"llistat-de-canvis-2025","status":"publish","type":"page","link":"https:\/\/wiki.anatod.com\/cat\/changelog-2025\/","title":{"rendered":"Registre de canvis 2025"},"content":{"rendered":"<p><strong>Desembre<\/strong><br>\u2013 Personalitzaci\u00f3 de <a href=\"\/cat\/p\/panel-control\/125\/\">Resultat de Google reCaptcha<\/a><br>\u2013 Camp de nota en configuraci\u00f3 t\u00e8cnica de connexions nom\u00e9s facturaci\u00f3<br>\u2013 Puntuaci\u00f3 del client<br>\u2013 Veri*factu (Espanya)<br><br><strong>Novembre<\/strong><br>\u2013 Cancel\u00b7laci\u00f3 de la subscripci\u00f3 de correu electr\u00f2nic en clients<br>\u2013 Traducci\u00f3 al franc\u00e8s <br><br><strong>Octubre<\/strong><br>\u2013 Integraci\u00f3 de l'Operador Log\u00edstic <a href=\"https:\/\/redsla.com\/\" data-type=\"link\" data-id=\"https:\/\/redsla.com\/\">Vermells<\/a><br>\u2013 <a href=\"\/cat\/p\/panel-control\/122\/\">Bot\u00f3 de baixa en correus electr\u00f2nics enviats des del sistema.<\/a><br>\u2013 Activem la navegaci\u00f3 Multi Fil<br>\u2013 Reinicia la VPN del node.<br>\u2013 Crear una VPN per utilitzar IP interna.<\/p>\n\n\n\n<p><strong>Setembre<\/strong><br>\u2013 Notes Adhesives (Sticky Note)<br><br><strong>Agost<\/strong><br>\u2013 Repositori per pujar imatges a S3 \u2013 Cloudfront p\u00fablic. <a href=\"\/cat\/s3CDN\/\">M\u00faltiples \/ Arxius a S3 \u2013 Cloudfront<\/a><br>\u2013 Motiu de visita de t\u00e8cnic<\/p>\n\n\n\n<p><strong>Juliol<\/strong><br>- Cronologia de treball en un ticket<br>\u2013 <a href=\"https:\/\/seashell-gull-453430.hostingersite.com\/knowledge-base\/busqueda-avanzada-clientes\/\" data-type=\"link\" data-id=\"https:\/\/seashell-gull-453430.hostingersite.com\/knowledge-base\/se-permite-la-utilizacion-de-operadores-de-busqueda\/\">Nova cerca en llistats per nom de client.<\/a><br>\u2013 <strong>IMPORTANT: Canvi de filtre d'acabat en tiquet<\/strong><br>\u2013 Cancel\u00b7lar Bitllet<br>\u2013 Addicionals amb plantilles<br>\u2013 Tiquet amb selecci\u00f3 de font d'origen<br>- Opci\u00f3 de selecci\u00f3 obligat\u00f2ria de connexi\u00f3 a internet en crear un tiquet<br>\u2013 Canvis al men\u00fa amb enfocament Mobile-First<br>\u2013 IP en connexions des de llista de cerca<br>\u2013 Relaci\u00f3 entre tiquets (pare\/fill)<\/p>\n\n\n\n<p><strong>Juny<\/strong><br>\u2013 Nova Resoluci\u00f3 ARCA 5616\/2024 (Afip Argentina)<br>\u2013 T\u00e8cnic de tauler de control amb configuraci\u00f3 personalitzada i actualitzaci\u00f3 de dades<br>\u2013 El t\u00e8cnic guarda la feina com a esborrany sense fer el \"checkout\"<br>\u2013 Mode de SmartOLT Onu (Enrutament, Pont)<\/p>\n\n\n\n<p><strong>Maig<\/strong><br>\u2013 Enviar SMS al t\u00e8cnic quan se li assigna un ticket<br>\u2013 Opci\u00f3 de deshabilitar la geolocalitzaci\u00f3 en t\u00e8cnics<br>\u2013 Fotos de tiquet amb etiquetes (tags)<br>\u2013 Latitud i longitud del domicili amb informe cadastral (Espanya)<br>\u2013 App Autogesti\u00f3 Clients<br>\u2013 Integraci\u00f3 <a href=\"https:\/\/oltcloud.co\/\" data-type=\"link\" data-id=\"https:\/\/oltcloud.co\/\">OLT Cloud<\/a><br>\u2013 Integraci\u00f3 <a href=\"https:\/\/meetingdoctors.com\/\" data-type=\"link\" data-id=\"https:\/\/meetingdoctors.com\/\">Reuni\u00f3 amb metges<\/a><\/p>\n\n\n\n<p><strong>Abril<\/strong><\/p>\n\n\n\n<p>\u2013 <strong><em>IMPORTANT<\/em><\/strong> Publicaci\u00f3 beta de la nova web\/ aplicaci\u00f3 nativa (Android\/iOS) del sistema d'autogesti\u00f3 de clients.<em>versi\u00f3 per a tots els clients des d'agost<\/em>)<\/p>\n\n\n\n<p><strong>Mar\u00e7<\/strong><br>\u2013 <a href=\"https:\/\/www.anatod.com\/blog\/2025\/03\/28\/integramos-google-recaptcha-enterprise-para-mayor-seguridad\/\" data-type=\"link\" data-id=\"https:\/\/www.anatod.com\/blog\/2025\/03\/28\/integramos-google-recaptcha-enterprise-para-mayor-seguridad\/\">Google reCAPTCHA Enterprise<\/a><br>\u2013 <a href=\"https:\/\/www.anatod.com\/blog\/2025\/03\/21\/%f0%9f%93%a2-atencion-clientes-de-argentina-%f0%9f%87%a6%f0%9f%87%b7-regimen-de-transparencia-fiscal\/\" data-type=\"link\" data-id=\"https:\/\/www.anatod.com\/blog\/2025\/03\/21\/%f0%9f%93%a2-atencion-clientes-de-argentina-%f0%9f%87%a6%f0%9f%87%b7-regimen-de-transparencia-fiscal\/\">R\u00e8gim de Transpar\u00e8ncia Fiscal de la AFIP 5614\/2024<\/a><br>\u2013 Widget de creixement d'empresa ()(\\con(nexions d'internet)<br>\u2013 (Argentina) Facturaci\u00f3 de Telefonia M\u00f2bil (imowi)<br>\u2013 Api: Descarregar factura PDF, noves funcionalitats a Addicionals i Serveis d'Internet<\/p>\n\n\n\n<p><strong>Febrer<\/strong><br>\u2013 Bloqueig d'acc\u00e9s amb IP permeses<br>\u2013 Integraci\u00f3 amb el CRM Holded<br>\u2013 API: Afegir IP disponible de manera individual o en lot<\/p>\n\n\n\n<p><strong>Gener<\/strong><br>\u2013 Nova integraci\u00f3 d'Internet per sat\u00e8l\u00b7lit amb Hispasat<br>\u2013 Modificacions i optimitzacions en connexions d'internet Prepago<br>\u2013 API: camps nuls de smartolt (id, sn) i port de FTTx per alliberar connexions<\/p>\n\n\n\n<p><\/p>","protected":false},"excerpt":{"rendered":"<p>Diciembre&#8211; Personalizaci\u00f3n de Scoring de Google reCaptcha&#8211; Campo Memo en configuraci\u00f3n t\u00e9cnica de conexiones solo facturaci\u00f3n&#8211; Scoring Cliente&#8211; Veri*factu (Espa\u00f1a) Noviembre&#8211; Desuscripci\u00f3n de email en clientes&#8211; Traducci\u00f3n a Franc\u00e9s Octubre&#8211; Integraci\u00f3n del Operador Log\u00edstico Redsla&#8211; Bot\u00f3n desuscripci\u00f3n en email enviados desde el sistema.&#8211; Habilitamos navegaci\u00f3n Multi Hilo&#8211; Reiniciar VPN del&#8230;<\/p>","protected":false},"author":1,"featured_media":0,"parent":0,"menu_order":0,"comment_status":"closed","ping_status":"closed","template":"","meta":{"footnotes":""},"class_list":["post-79","page","type-page","status-publish","hentry"],"_links":{"self":[{"href":"https:\/\/wiki.anatod.com\/cat\/wp-json\/wp\/v2\/pages\/79","targetHints":{"allow":["GET"]}}],"collection":[{"href":"https:\/\/wiki.anatod.com\/cat\/wp-json\/wp\/v2\/pages"}],"about":[{"href":"https:\/\/wiki.anatod.com\/cat\/wp-json\/wp\/v2\/types\/page"}],"author":[{"embeddable":true,"href":"https:\/\/wiki.anatod.com\/cat\/wp-json\/wp\/v2\/users\/1"}],"replies":[{"embeddable":true,"href":"https:\/\/wiki.anatod.com\/cat\/wp-json\/wp\/v2\/comments?post=79"}],"version-history":[{"count":53,"href":"https:\/\/wiki.anatod.com\/cat\/wp-json\/wp\/v2\/pages\/79\/revisions"}],"predecessor-version":[{"id":418,"href":"https:\/\/wiki.anatod.com\/cat\/wp-json\/wp\/v2\/pages\/79\/revisions\/418"}],"wp:attachment":[{"href":"https:\/\/wiki.anatod.com\/cat\/wp-json\/wp\/v2\/media?parent=79"}],"curies":[{"name":"wp","href":"https:\/\/api.w.org\/{rel}","templated":true}]}}