{"id":94,"date":"2025-02-12T16:02:34","date_gmt":"2025-02-12T19:02:34","guid":{"rendered":"https:\/\/seashell-gull-453430.hostingersite.com\/?page_id=94"},"modified":"2025-02-12T16:02:35","modified_gmt":"2025-02-12T19:02:35","slug":"registre-de-canvis-2023","status":"publish","type":"page","link":"https:\/\/wiki.anatod.com\/cat\/changelog-2023\/","title":{"rendered":"Registre de canvis 2023"},"content":{"rendered":"<p><strong>Desembre<\/strong><\/p>\n\n\n\n<ul class=\"wp-block-list\">\n<li>Dades de Connexions en temps real al perfil del client.<\/li>\n\n\n\n<li>Integraci\u00f3 API Finetwork (Espanya)<\/li>\n\n\n\n<li>Llistat d'IP segons node\/subnode<\/li>\n\n\n\n<li>Detecci\u00f3 de clients d'alt consum de dades, filtrats en el llistat de connexions.<\/li>\n<\/ul>\n\n\n\n<p><strong>Novembre<\/strong><\/p>\n\n\n\n<ul class=\"wp-block-list\">\n<li>Llistat comparatiu SmartOLT vs ISPkeeper per a la sincronitzaci\u00f3 i control de connexions.<\/li>\n\n\n\n<li>Integraci\u00f3 Pagoralia \u2013 Oxxo (M\u00e8xic)<\/li>\n\n\n\n<li>Temps transcorregut d'un tiquet de treball.<\/li>\n<\/ul>\n\n\n\n<p><strong>Octubre<\/strong><\/p>\n\n\n\n<ul class=\"wp-block-list\">\n<li>Mapa en llistat de connexi\u00f3 amb tecnologia de Google Maps.<\/li>\n\n\n\n<li>Consum del mes agrupat en gr\u00e0fics exportables.<\/li>\n\n\n\n<li>Notes de cr\u00e8dit homologades per a Espanya.<\/li>\n\n\n\n<li>D\u00e8bits autom\u00e0tics amb m\u00faltiples empreses.<\/li>\n\n\n\n<li>Control del consum amb canvi de perfil de velocitat basat en el consum del mes a SmartOLT.<\/li>\n<\/ul>\n\n\n\n<p><strong>Setembre<\/strong><\/p>\n\n\n\n<ul class=\"wp-block-list\">\n<li>Es separen les dades del client en Dades de Contacte i Facturaci\u00f3 &amp; Mitj\u00e0 de pagaments, amb permisos individuals per a un major control de la informaci\u00f3<\/li>\n\n\n\n<li>S'habilita la primera versi\u00f3 de l'API<\/li>\n<\/ul>\n\n\n\n<p><strong>Agost<\/strong><\/p>\n\n\n\n<ul class=\"wp-block-list\">\n<li>Integraci\u00f3 de cobraments amb Redsys (Espanya)<\/li>\n\n\n\n<li>S'habilita l'opci\u00f3 de Prepago en connexions d'internet.<\/li>\n<\/ul>\n\n\n\n<p><strong>Juliol<\/strong><\/p>\n\n\n\n<ul class=\"wp-block-list\">\n<li>Configuraci\u00f3 de Wi-Fi del client per protocol TR-069 (SmartOLT)<\/li>\n<\/ul>\n\n\n\n<p><strong>Maig<\/strong><\/p>\n\n\n\n<ul class=\"wp-block-list\">\n<li>Factura Electr\u00f2nica V4 (M\u00e8xic)<\/li>\n\n\n\n<li>Article addicional de facturaci\u00f3 als tiquets<\/li>\n<\/ul>\n\n\n\n<p><strong>Abril<\/strong><\/p>\n\n\n\n<ul class=\"wp-block-list\">\n<li>Cobradors amb l'import exacte del deute.<\/li>\n\n\n\n<li>D\u00e8bit Autom\u00e0tic Targeta Naranja (Argentina)<\/li>\n\n\n\n<li>Sincronitzaci\u00f3 de velocitats i par\u00e0metres amb SmartOLT<\/li>\n\n\n\n<li>Preu personalitzat per als plans amb descompte per pagament anticipat<\/li>\n<\/ul>\n\n\n\n<p><strong>Mar\u00e7<\/strong><\/p>\n\n\n\n<ul class=\"wp-block-list\">\n<li>CSAT Configuraci\u00f3 i Personalitzaci\u00f3 de Pol\u00edtica de Privacitat, Termes i Condicions i Cookies<\/li>\n\n\n\n<li>Canviar ID de SmartOLT<\/li>\n\n\n\n<li>Mostrar placa i port de connexi\u00f3 FFTh (SmartOLT)<\/li>\n<\/ul>\n\n\n\n<p><strong>Febrer<\/strong><\/p>\n\n\n\n<ul class=\"wp-block-list\">\n<li>Integraci\u00f3 CDR Lemonvil (Espanya)<\/li>\n\n\n\n<li>Validador de DNI \/ CUIT \/ PASSAPORT \/ RFC a l'Argentina, M\u00e8xic i Espanya<\/li>\n\n\n\n<li>Validador de CBU (Argentina)<\/li>\n\n\n\n<li>Validador d'IBAN (Europa)<\/li>\n\n\n\n<li>Validador de targetes de cr\u00e8dit i d\u00e8bit<\/li>\n\n\n\n<li>Validador d'email integrat amb Hunter.io<\/li>\n<\/ul>\n\n\n\n<p><strong>Gener<\/strong><\/p>\n\n\n\n<ul class=\"wp-block-list\">\n<li>Estoc \u2013 Prove\u00efment de materials<\/li>\n\n\n\n<li>Aprovisionament PPPoE (Mikrotik) amb SmartOLT (FTTx)<\/li>\n\n\n\n<li>Cobraments amb MercadoPago M\u00e8xic (Oxxo, Targetes, Bancs)<\/li>\n<\/ul>","protected":false},"excerpt":{"rendered":"<p>Diciembre Noviembre Octubre Septiembre Agosto Julio Mayo Abril Marzo Febrero Enero<\/p>","protected":false},"author":1,"featured_media":0,"parent":0,"menu_order":0,"comment_status":"closed","ping_status":"closed","template":"","meta":{"footnotes":""},"class_list":["post-94","page","type-page","status-publish","hentry"],"_links":{"self":[{"href":"https:\/\/wiki.anatod.com\/cat\/wp-json\/wp\/v2\/pages\/94","targetHints":{"allow":["GET"]}}],"collection":[{"href":"https:\/\/wiki.anatod.com\/cat\/wp-json\/wp\/v2\/pages"}],"about":[{"href":"https:\/\/wiki.anatod.com\/cat\/wp-json\/wp\/v2\/types\/page"}],"author":[{"embeddable":true,"href":"https:\/\/wiki.anatod.com\/cat\/wp-json\/wp\/v2\/users\/1"}],"replies":[{"embeddable":true,"href":"https:\/\/wiki.anatod.com\/cat\/wp-json\/wp\/v2\/comments?post=94"}],"version-history":[{"count":1,"href":"https:\/\/wiki.anatod.com\/cat\/wp-json\/wp\/v2\/pages\/94\/revisions"}],"predecessor-version":[{"id":95,"href":"https:\/\/wiki.anatod.com\/cat\/wp-json\/wp\/v2\/pages\/94\/revisions\/95"}],"wp:attachment":[{"href":"https:\/\/wiki.anatod.com\/cat\/wp-json\/wp\/v2\/media?parent=94"}],"curies":[{"name":"wp","href":"https:\/\/api.w.org\/{rel}","templated":true}]}}