{"id":96,"date":"2025-02-12T16:02:53","date_gmt":"2025-02-12T19:02:53","guid":{"rendered":"https:\/\/seashell-gull-453430.hostingersite.com\/?page_id=96"},"modified":"2025-02-13T16:16:46","modified_gmt":"2025-02-13T19:16:46","slug":"registre-de-canvis-2022","status":"publish","type":"page","link":"https:\/\/wiki.anatod.com\/cat\/changelog-2022\/","title":{"rendered":"Resum de canvis 2022"},"content":{"rendered":"<p><strong>Desembre<\/strong><\/p>\n\n\n\n<ul class=\"wp-block-list\">\n<li>Notificaci\u00f3 al client X dies abans del bloqueig del servei. (SMS \/ Correu electr\u00f2nic \/ Whatsapp)<\/li>\n\n\n\n<li>Enquestes m\u00faltiples de satisfacci\u00f3 de servei (CSAT) filtrades per usuari d'atenci\u00f3 al client.<\/li>\n\n\n\n<li>Habilitaci\u00f3 de serveis amb comprom\u00eds de pagament r\u00e0pid des del perfil del client.<\/li>\n\n\n\n<li>Llistat d'ICCID en Telefonia M\u00f2bil<\/li>\n\n\n\n<li>Santander Roela Siro \u2013 Llistat d'intencions de pagament<\/li>\n\n\n\n<li>Arxivar tiquets en llistat.<\/li>\n<\/ul>\n\n\n\n<p><strong>Octubre<\/strong><br>Integraci\u00f3 de WhatsApp Oficial amb Teleprom per a l'enviament de missatges\u00a0<a href=\"https:\/\/www.teleprom.com\/\">https:\/\/www.teleprom.com\/<\/a><\/p>\n\n\n\n<p><strong>Setembre<\/strong><br>Llistat de factures pendents de cobrament.<br>Sistema de Clients, possibilitat de crear tiquet de suport<br>APP T\u00e8cnics \u2013 Mapa de caixes de fibra \u00f2ptica integrat a Google Maps.<br>API per a formulari de sol\u00b7licitud de servei amb integraci\u00f3 a sistema de tickets.<\/p>\n\n\n\n<p><strong>Agost<\/strong><br>Enviament de correu electr\u00f2nic massiu des d'una llista d'adjunts<\/p>\n\n\n\n<p><strong>Juliol<\/strong><br>Categoria de Prove\u00efdors<br>Anul\u00b7lar Cobraments i Factures amb motius<\/p>\n\n\n\n<p><strong>Juny<\/strong><br>Estad\u00edstiques i Dades de senyal en ONU Huawei i ZTE (SmartOLT)<br>Llistat de preus d'Abonaments, Addicionals, Extres i Connexions discontinuats.<\/p>\n\n\n\n<p><strong>Maig<\/strong><br>Nom de domini en connexions de clients.<br>Integraci\u00f3 de TV amb ONU Huawei i ZTE (SmartOLT)<br>Autogesti\u00f3 de clients - Veure tiquets de suport.<br>FTTh \u2013 Comentaris i observacions a cada port i caixa.<br>L\u00edmit de cobraments en efectiu per usuari.<br>Factures M de Prove\u00efdors. (Argentina)<\/p>\n\n\n\n<p><strong>Abril<\/strong><br>Nova barra de men\u00fa lateral<br>Integraci\u00f3 de pagaments (MercadoPago) en totes les entrades.<\/p>\n\n\n\n<p><strong>Mar\u00e7<\/strong><br>Estad\u00edstiques de factures impagades al mes. Quantitat i Import.<br>D\u00e8bit Autom\u00e0tic CBU (Compte Bancari) amb SIRO Banc Roela<br>Nova pantalla de perfil de client.<\/p>\n\n\n\n<p><strong>Febrer<\/strong><br>Nous filtres a la llista de Bloqueig de Servei Massiu<br>Integraci\u00f3 Rocstar.tv IPTV<a href=\"https:\/\/www.rocstar.tv\/\">https:\/\/www.rocstar.tv\/<\/a>)<br>Configuraci\u00f3 de VLAN i sVLAN en FTTx (Smartolt)<br>Integraci\u00f3 GeoGrid Maps - Xarxa FTTx<a href=\"https:\/\/geogridmaps.com.br\/\">https:\/\/geogridmaps.com.br\/<\/a>)<br>Dades de targeta de cr\u00e8dit \/ d\u00e8bit al cobrar.<br>Integraci\u00f3 Cobran\u00e7a PayU Latam.<a href=\"https:\/\/payu.com\/\">https:\/\/payu.com\/<\/a>)<\/p>\n\n\n\n<p><strong>Gener<\/strong><br>Factura Electr\u00f2nica Monotribut (Argentina)<br>Nou disseny Llistat de clients<br>Nou disseny Llistat de connexions<br>Nou disseny Perfil de Clients<br>Factura Electr\u00f2nica M\u00e8xic (Servei Fel.mx \u2013 Blikon)<br>Estad\u00edstiques hist\u00f2riques de migraci\u00f3 de Wireless a Fibra \u00d2ptica<\/p>","protected":false},"excerpt":{"rendered":"<p>Diciembre OctubreIntegraci\u00f3n de env\u00edo de mensajes WhatsApp Oficial con Teleprom\u00a0https:\/\/www.teleprom.com\/ SeptiembreListado de facturas pendientes de cobro.Sistema de Clientes, posibilidad de crear ticket de soporteAPP T\u00e9cnicos &#8211; Mapa de cajas de fibra \u00f3ptica integrado a Google Maps.API para formulario de solicitud de servicio con integraci\u00f3n a sistema de tickets. AgostoEnvio de&#8230;<\/p>","protected":false},"author":1,"featured_media":0,"parent":0,"menu_order":0,"comment_status":"closed","ping_status":"closed","template":"","meta":{"footnotes":""},"class_list":["post-96","page","type-page","status-publish","hentry"],"_links":{"self":[{"href":"https:\/\/wiki.anatod.com\/cat\/wp-json\/wp\/v2\/pages\/96","targetHints":{"allow":["GET"]}}],"collection":[{"href":"https:\/\/wiki.anatod.com\/cat\/wp-json\/wp\/v2\/pages"}],"about":[{"href":"https:\/\/wiki.anatod.com\/cat\/wp-json\/wp\/v2\/types\/page"}],"author":[{"embeddable":true,"href":"https:\/\/wiki.anatod.com\/cat\/wp-json\/wp\/v2\/users\/1"}],"replies":[{"embeddable":true,"href":"https:\/\/wiki.anatod.com\/cat\/wp-json\/wp\/v2\/comments?post=96"}],"version-history":[{"count":2,"href":"https:\/\/wiki.anatod.com\/cat\/wp-json\/wp\/v2\/pages\/96\/revisions"}],"predecessor-version":[{"id":281,"href":"https:\/\/wiki.anatod.com\/cat\/wp-json\/wp\/v2\/pages\/96\/revisions\/281"}],"wp:attachment":[{"href":"https:\/\/wiki.anatod.com\/cat\/wp-json\/wp\/v2\/media?parent=96"}],"curies":[{"name":"wp","href":"https:\/\/api.w.org\/{rel}","templated":true}]}}