{"id":98,"date":"2025-02-12T16:03:16","date_gmt":"2025-02-12T19:03:16","guid":{"rendered":"https:\/\/seashell-gull-453430.hostingersite.com\/?page_id=98"},"modified":"2025-02-13T16:17:50","modified_gmt":"2025-02-13T19:17:50","slug":"canvi-2021","status":"publish","type":"page","link":"https:\/\/wiki.anatod.com\/cat\/changelog-2021\/","title":{"rendered":"Registre de canvis 2021"},"content":{"rendered":"<p><strong>Desembre<\/strong><br>Enviament de correu electr\u00f2nic de clients amb alta de tiquet de Suport<br>Estad\u00edstiques d'equips instal\u00b7lats per marca i model.<br>Estad\u00edstiques per tipus de connexi\u00f3 en instal\u00b7laci\u00f3 i actual.<br>Gr\u00e0fic de consum\/velocitat mitjana en factura de client.<\/p>\n\n\n\n<p><strong>Novembre<\/strong><br>Resoluci\u00f3 ENACOM (Argentina) 2884-E\/2017<\/p>\n\n\n\n<p><strong>Octubre<\/strong><br>Nous llistats integrant Bootstrap 5.1. 100% Totalment adaptables.<br>C\u00e0lcul de canvi en cobraments de clients<br>Cotitzador d'instal\u00b7lacions amb alta de tiquets<\/p>\n\n\n\n<p><strong>Setembre<\/strong><br>Relaci\u00f3 de Cobran\u00e7a i Factura per determinar un compte corrent m\u00e9s exacte en el client.<br>C\u00e0rrega de documentaci\u00f3 al perfil de cada client.<br>Factura IVA 0% per a Zona Franca. (Argentina)<br>SIRO Pagos Mis Cuentas \u2013 Red Link (Argentina)<\/p>\n\n\n\n<p><strong>Agost<\/strong><br>Eliminar factura de Prove\u00efdor<br>Estad\u00edstiques d'\u00fas de materials en tiquets d'instal\u00b7laci\u00f3, suport, baixes de t\u00e8cnics de carrer.<br>Enviament de correu electr\u00f2nic i SMS amb dades d'acc\u00e9s del sistema d'autogesti\u00f3 de clients.<br>Bloqueig de ticket de suport quan un altre usuari hi est\u00e0 treballant.<br>Noves estad\u00edstiques de facturaci\u00f3 filtrades per punts de venda i sucursals (seus).<br>Lapos Cashback \u2013 Retirada d'efectiu<br>canvi de contrasenya caducada<br>Comprovaci\u00f3 de CUIT de prove\u00efdors amb AFIP en temps real (Argentina)<br>Importar factures de prove\u00efdor de Mis Comprobantes AFIP (Argentina)<\/p>\n\n\n\n<p><strong>Juliol<\/strong><br>Factura A Monotributo (Llei 27.618 \u2013 Argentina)<br>Llibre IVA Vendes Digitals (Argentina)<br>Enviament d'enlla\u00e7 de contracte d'instal\u00b7laci\u00f3 per correu electr\u00f2nic<br>N\u00f2mines \u2013 Compte Corrent de treballadors amb ajustos, n\u00f2mines i pagaments.<\/p>\n\n\n\n<p><strong>Juny<\/strong><br>Retorn SEPA amb rec\u00e0rrec personalitzat per a cada client.<br>Estad\u00edstiques T\u00e8cnics: Temps de treball mitj\u00e0 per cada categoria de ticket, temps de trasllat i temps de no disponible. Mapa integrat amb Google Maps per obtenir la geolocalitzaci\u00f3 de la feina.<br>Factura manual amb fitxers adjunts.<br>Factura de cr\u00e8dit electr\u00f2nica MiPyME AFIP (Argentina)<br>Par\u00e0metres personalitzats de resoluci\u00f3 de tickets de suport.<br>Noves estad\u00edstiques de Tickets amb disseny responsive, dia i hora amb data de creaci\u00f3 i finalitzaci\u00f3.<br>Notes Adhesives en Prove\u00efdors<br>Torn de Calendari d'Entrades (Suport, instal\u00b7laci\u00f3) per sucursals\/seus.<\/p>\n\n\n\n<p><strong>Maig<\/strong><br>Enquesta de satisfacci\u00f3 del client personalitzada amb estad\u00edstiques<br>Estat de Feina en llistat de tickets en temps real amb app de t\u00e8cnics de carrer.<br>Pagament m\u00faltiple en instal\u00b7laci\u00f3<br>Sol\u00b7licitud de Bonificaci\u00f3 de Servei amb c\u00e0rrega de dades del client.<br>Tauler de control del client: Mostrar el saldo deutor a la factura<br>Llistat de preus discontinuats (plans, extres, connexions, entre d'altres)<\/p>\n\n\n\n<p><strong>Abril<\/strong><br>Nou facturador manual.<br>AFIP (Argentina) \u2013 Nota de Cr\u00e8dit \/ D\u00e8bit segons la nova resoluci\u00f3.<br>Precintes (segells de seguretat) en connexions FTTH<br>Nou sistema de punts de recaptaci\u00f3.<br>Llistat de targetes utilitzades de Cobro Digital.<br>Llistat i Estad\u00edstiques de Clients tallats per per\u00edodes amb hist\u00f2rics.<br>D\u00e8bit Autom\u00e0tic Banc Prov\u00edncia Buenos Aires (Argentina)<br>Processament de devolucions de SEPA<\/p>\n\n\n\n<p><strong>Mar\u00e7<\/strong><br>Comentaris de gesti\u00f3 de clients amb fitxers multim\u00e8dia.<br>Historial d'equips, per adre\u00e7a MAC, per tenir un historial de quina connexi\u00f3\/client va utilitzar l'equip.<br>Nou M\u00f2dul: Pressupost<br>Transferencia de tickets de soporte entre clientes<br>AFIP (Argentina) Integraci\u00f3n al padr\u00f3n A13 para obtener datos fiscales en alta de cliente<\/p>\n\n\n\n<p><strong>Febrer<\/strong><br>Integraci\u00f3n con Banco Roela &#8211; SIRO<br>C\u00f3digo QR AFIP en facturas electr\u00f3nicas. (Argentina)<\/p>\n\n\n\n<p><strong>Gener<\/strong><br>Sistema de Clientes &#8211; Pago parciales de deuda<\/p>","protected":false},"excerpt":{"rendered":"<p>DiciembreEnv\u00edo de mail de clientes con alta de ticket de SoporteEstad\u00edsticas de Equipos instalado por marca y modelo.Estad\u00edsticas por tipo de conexi\u00f3n en instalaci\u00f3n y actual.Gr\u00e1fico de consumo\/velocidad promedio en factura de cliente. NoviembreResoluci\u00f3n ENACOM (Argentina) 2884-E\/2017 OctubreNuevos listados integrando Bootstrap 5.1. 100% Full responsive.Calculo de vuelto en cobranzas de&#8230;<\/p>","protected":false},"author":1,"featured_media":0,"parent":0,"menu_order":0,"comment_status":"closed","ping_status":"closed","template":"","meta":{"footnotes":""},"class_list":["post-98","page","type-page","status-publish","hentry"],"_links":{"self":[{"href":"https:\/\/wiki.anatod.com\/cat\/wp-json\/wp\/v2\/pages\/98","targetHints":{"allow":["GET"]}}],"collection":[{"href":"https:\/\/wiki.anatod.com\/cat\/wp-json\/wp\/v2\/pages"}],"about":[{"href":"https:\/\/wiki.anatod.com\/cat\/wp-json\/wp\/v2\/types\/page"}],"author":[{"embeddable":true,"href":"https:\/\/wiki.anatod.com\/cat\/wp-json\/wp\/v2\/users\/1"}],"replies":[{"embeddable":true,"href":"https:\/\/wiki.anatod.com\/cat\/wp-json\/wp\/v2\/comments?post=98"}],"version-history":[{"count":2,"href":"https:\/\/wiki.anatod.com\/cat\/wp-json\/wp\/v2\/pages\/98\/revisions"}],"predecessor-version":[{"id":282,"href":"https:\/\/wiki.anatod.com\/cat\/wp-json\/wp\/v2\/pages\/98\/revisions\/282"}],"wp:attachment":[{"href":"https:\/\/wiki.anatod.com\/cat\/wp-json\/wp\/v2\/media?parent=98"}],"curies":[{"name":"wp","href":"https:\/\/api.w.org\/{rel}","templated":true}]}}