{"id":100,"date":"2025-02-12T16:03:37","date_gmt":"2025-02-12T19:03:37","guid":{"rendered":"https:\/\/seashell-gull-453430.hostingersite.com\/?page_id=100"},"modified":"2025-02-13T16:18:08","modified_gmt":"2025-02-13T19:18:08","slug":"changelog-2020","status":"publish","type":"page","link":"https:\/\/wiki.anatod.com\/fr\/changelog-2020\/","title":{"rendered":"Journal des modifications 2020"},"content":{"rendered":"<p><strong>Juin<\/strong><br>Modification du mot de passe pour chaque utilisateur individuellement<br>Bulletin de paie avec compte courant<br>Notification de paiement par e-mail au fournisseur<\/p>\n\n\n\n<p><strong>Avril<\/strong><br>Contr\u00f4le de l'utilisation du syst\u00e8me par les utilisateurs. Divers \/ Utilisateurs \/ Utilisation du syst\u00e8me<\/p>\n\n\n\n<p><strong>Janvier<\/strong><br>Nouveau syst\u00e8me de consommation des clients, avec exportation des graphiques en pdf, excel, png, entre autres.<\/p>","protected":false},"excerpt":{"rendered":"<p>JuinChangement du mot de passe pour chaque utilisateur individuellementR\u00e9ception des salaires avec le compte courantNotification du paiement par e-mail au fournisseur AvrilContr\u00f4le de l'utilisation du syst\u00e8me par les utilisateurs. Divers \/ Utilisateurs \/ Utilisation du syst\u00e8me JanvierNouveau syst\u00e8me de consommation des clients, avec exportation des graphiques en pdf, excel, png, entre autres.<\/p>","protected":false},"author":1,"featured_media":0,"parent":0,"menu_order":0,"comment_status":"closed","ping_status":"closed","template":"","meta":{"footnotes":""},"class_list":["post-100","page","type-page","status-publish","hentry"],"_links":{"self":[{"href":"https:\/\/wiki.anatod.com\/fr\/wp-json\/wp\/v2\/pages\/100","targetHints":{"allow":["GET"]}}],"collection":[{"href":"https:\/\/wiki.anatod.com\/fr\/wp-json\/wp\/v2\/pages"}],"about":[{"href":"https:\/\/wiki.anatod.com\/fr\/wp-json\/wp\/v2\/types\/page"}],"author":[{"embeddable":true,"href":"https:\/\/wiki.anatod.com\/fr\/wp-json\/wp\/v2\/users\/1"}],"replies":[{"embeddable":true,"href":"https:\/\/wiki.anatod.com\/fr\/wp-json\/wp\/v2\/comments?post=100"}],"version-history":[{"count":2,"href":"https:\/\/wiki.anatod.com\/fr\/wp-json\/wp\/v2\/pages\/100\/revisions"}],"predecessor-version":[{"id":283,"href":"https:\/\/wiki.anatod.com\/fr\/wp-json\/wp\/v2\/pages\/100\/revisions\/283"}],"wp:attachment":[{"href":"https:\/\/wiki.anatod.com\/fr\/wp-json\/wp\/v2\/media?parent=100"}],"curies":[{"name":"wp","href":"https:\/\/api.w.org\/{rel}","templated":true}]}}