{"id":129,"date":"2025-02-13T13:24:07","date_gmt":"2025-02-13T16:24:07","guid":{"rendered":"https:\/\/seashell-gull-453430.hostingersite.com\/?page_id=129"},"modified":"2025-02-17T15:10:57","modified_gmt":"2025-02-17T18:10:57","slug":"api","status":"publish","type":"page","link":"https:\/\/wiki.anatod.com\/fr\/api\/","title":{"rendered":"API"},"content":{"rendered":"<p>Acc\u00e9der \u00e0 la documentation de l'API<\/p>\n\n\n\n<p><a href=\"https:\/\/anatod.readme.io\">https:\/\/anatod.readme.io<\/a><\/p>\n\n\n\n<p><strong>Pour activer l'API dans votre syst\u00e8me et\/ou pour toute question \u00e0 ce sujet, vous ne recevrez de r\u00e9ponse que par courrier \u00e9lectronique \u00e0 l'adresse suivante\u00a0<\/strong><a href=\"mailto:api@ispkeeper.com\">api@ispkeeper.com<\/a><\/p>","protected":false},"excerpt":{"rendered":"<p>Acc\u00e9der \u00e0 la documentation de l'API https:\/\/anatod.readme.io Pour activer l'API dans votre syst\u00e8me et\/ou pour toute question concernant l'API, vous devez envoyer un courriel \u00e0 api@ispkeeper.com.<\/p>","protected":false},"author":1,"featured_media":0,"parent":0,"menu_order":0,"comment_status":"closed","ping_status":"closed","template":"","meta":{"footnotes":""},"class_list":["post-129","page","type-page","status-publish","hentry"],"_links":{"self":[{"href":"https:\/\/wiki.anatod.com\/fr\/wp-json\/wp\/v2\/pages\/129","targetHints":{"allow":["GET"]}}],"collection":[{"href":"https:\/\/wiki.anatod.com\/fr\/wp-json\/wp\/v2\/pages"}],"about":[{"href":"https:\/\/wiki.anatod.com\/fr\/wp-json\/wp\/v2\/types\/page"}],"author":[{"embeddable":true,"href":"https:\/\/wiki.anatod.com\/fr\/wp-json\/wp\/v2\/users\/1"}],"replies":[{"embeddable":true,"href":"https:\/\/wiki.anatod.com\/fr\/wp-json\/wp\/v2\/comments?post=129"}],"version-history":[{"count":3,"href":"https:\/\/wiki.anatod.com\/fr\/wp-json\/wp\/v2\/pages\/129\/revisions"}],"predecessor-version":[{"id":285,"href":"https:\/\/wiki.anatod.com\/fr\/wp-json\/wp\/v2\/pages\/129\/revisions\/285"}],"wp:attachment":[{"href":"https:\/\/wiki.anatod.com\/fr\/wp-json\/wp\/v2\/media?parent=129"}],"curies":[{"name":"wp","href":"https:\/\/api.w.org\/{rel}","templated":true}]}}