{"id":449,"date":"2026-01-29T11:23:53","date_gmt":"2026-01-29T14:23:53","guid":{"rendered":"https:\/\/wiki.anatod.com\/?page_id=449"},"modified":"2026-04-14T16:30:34","modified_gmt":"2026-04-14T19:30:34","slug":"changelog-2026","status":"publish","type":"page","link":"https:\/\/wiki.anatod.com\/fr\/changelog-2026\/","title":{"rendered":"Journal des modifications 2026"},"content":{"rendered":"<p><strong>Avril<\/strong><br>\u2013 Nouvelle visualisation dans les Fournisseurs<br>\u2013 Mod\u00e8les de factures pour points de vente<br>\u2013 Masquer les commentaires des tickets chez les techniciens<br><br><strong>Mars<\/strong><br>- Nouveau widget : Own Active Tickets<br>- <a href=\"\/fr\/saldos-ctacte\/exportar\/\">Cr\u00e9ances commerciales Compte courant Solde \u00e0 une date donn\u00e9e (solde 31\/12)<br><\/a><br><strong>F\u00e9vrier<\/strong><br>- WhatsApp mass mailing<br>- Enregistrement des courriels, whatsapp et notifications push<br><br><strong>Janvier<\/strong><br>\u2013 <a href=\"\/fr\/p\/templates\/111\/\">Pied de page dans les mod\u00e8les de courrier \u00e9lectronique.<\/a><\/p>\n\n\n\n<p><\/p>","protected":false},"excerpt":{"rendered":"<p>Abril \u2013 Nouvelle visualisation pour les fournisseurs \u2013 Mod\u00e8les de factures par point de vente \u2013 Cacher le commentaire des tickets chez les techniciens Mars \u2013 Nouveau Widget : Tickets Actifs Propres \u2013 Solde du compte courant des clients \u00e0 une date d\u00e9termin\u00e9e (solde 31\/12) F\u00e9vrier \u2013 Envoi massif de WhatsApp \u2013 Enregistrement des envois d'emails, WhatsApp et notifications push Janvier \u2013 Pied de page\u2026<\/p>","protected":false},"author":1,"featured_media":0,"parent":0,"menu_order":0,"comment_status":"closed","ping_status":"closed","template":"","meta":{"footnotes":""},"class_list":["post-449","page","type-page","status-publish","hentry"],"_links":{"self":[{"href":"https:\/\/wiki.anatod.com\/fr\/wp-json\/wp\/v2\/pages\/449","targetHints":{"allow":["GET"]}}],"collection":[{"href":"https:\/\/wiki.anatod.com\/fr\/wp-json\/wp\/v2\/pages"}],"about":[{"href":"https:\/\/wiki.anatod.com\/fr\/wp-json\/wp\/v2\/types\/page"}],"author":[{"embeddable":true,"href":"https:\/\/wiki.anatod.com\/fr\/wp-json\/wp\/v2\/users\/1"}],"replies":[{"embeddable":true,"href":"https:\/\/wiki.anatod.com\/fr\/wp-json\/wp\/v2\/comments?post=449"}],"version-history":[{"count":9,"href":"https:\/\/wiki.anatod.com\/fr\/wp-json\/wp\/v2\/pages\/449\/revisions"}],"predecessor-version":[{"id":501,"href":"https:\/\/wiki.anatod.com\/fr\/wp-json\/wp\/v2\/pages\/449\/revisions\/501"}],"wp:attachment":[{"href":"https:\/\/wiki.anatod.com\/fr\/wp-json\/wp\/v2\/media?parent=449"}],"curies":[{"name":"wp","href":"https:\/\/api.w.org\/{rel}","templated":true}]}}