{"id":79,"date":"2025-02-12T15:47:58","date_gmt":"2025-02-12T18:47:58","guid":{"rendered":"https:\/\/seashell-gull-453430.hostingersite.com\/?page_id=79"},"modified":"2025-12-23T10:48:34","modified_gmt":"2025-12-23T13:48:34","slug":"changelog-2025","status":"publish","type":"page","link":"https:\/\/wiki.anatod.com\/fr\/changelog-2025\/","title":{"rendered":"Journal des modifications 2025"},"content":{"rendered":"<p><strong>D\u00e9cembre<\/strong><br>- Personnalisation des <a href=\"\/fr\/p\/panel-control\/125\/\">Notation de Google reCaptcha<\/a><br>- Champ m\u00e9mo dans la configuration technique de la facturation des connexions uniquement<br>- Notation des clients<br>- Veri*factu (Espagne)<br><br><strong>Novembre<\/strong><br>- Se d\u00e9sabonner des clients de messagerie<br>- Traduction en fran\u00e7ais <br><br><strong>Octobre<\/strong><br>- Int\u00e9gration des op\u00e9rateurs logistiques <a href=\"https:\/\/redsla.com\/\" data-type=\"link\" data-id=\"https:\/\/redsla.com\/\">Redsla<\/a><br>- <a href=\"\/fr\/p\/panel-control\/122\/\">Bouton de d\u00e9sabonnement dans les courriels envoy\u00e9s par le syst\u00e8me.<\/a><br>- Activer la navigation multithread<br>- Red\u00e9marrer le VPN du n\u0153ud.<br>- Cr\u00e9er un VPN pour utiliser l'adresse IP interne.<\/p>\n\n\n\n<p><strong>Septembre<\/strong><br>- Note autocollante<br><br><strong>Ao\u00fbt<\/strong><br>- R\u00e9f\u00e9rentiel pour le t\u00e9l\u00e9chargement d'images sur S3 - Public Cloudfront. <a href=\"\/fr\/s3CDN\/\">Divers \/ Fichiers vers S3 - Cloudfront<\/a><br>- Motif de la visite du technicien<\/p>\n\n\n\n<p><strong>Juillet<\/strong><br>- Calendrier des travaux relatifs \u00e0 une contravention<br>- <a href=\"https:\/\/seashell-gull-453430.hostingersite.com\/knowledge-base\/busqueda-avanzada-clientes\/\" data-type=\"link\" data-id=\"https:\/\/seashell-gull-453430.hostingersite.com\/knowledge-base\/se-permite-la-utilizacion-de-operadores-de-busqueda\/\">Nouvelle recherche dans les listes par nom de client.<\/a><br>- <strong>IMPORTANT : Changement de filtre finalis\u00e9 sur le billet<\/strong><br>- Annuler le billet<br>- Suppl\u00e9mentaire avec des mod\u00e8les<br>- Ticket avec s\u00e9lection de la source<br>- Option de s\u00e9lection obligatoire de la connexion internet lors de la cr\u00e9ation d'un ticket<br>- Le menu change avec l'approche Mobile-First<br>- IP dans les connexions de la liste de recherche<br>- Relation entre les billets (parent\/enfant)<\/p>\n\n\n\n<p><strong>Juin<\/strong><br>- Nouvelle r\u00e9solution ARCA 5616\/2024 (Afip Argentina)<br>- Panneau de contr\u00f4le technique avec configuration personnalis\u00e9e et mise \u00e0 jour des donn\u00e9es<br>- Le technicien enregistre le travail comme brouillon sans passer \u00e0 la caisse<br>- Mode SmartOLT Onu (routage, pontage)<\/p>\n\n\n\n<p><strong>Mai<\/strong><br>- Envoi d'un SMS au technicien lorsqu'un ticket lui est attribu\u00e9<br>- Option pour d\u00e9sactiver la g\u00e9olocalisation dans les techniciens<br>- \u00c9tiquet\u00e9 : photos de billets<br>- Lat &amp; Long du domicile avec rapport cadastral (Espagne)<br>- Application d'autogestion des clients<br>\u2013 Integraci\u00f3n <a href=\"https:\/\/oltcloud.co\/\" data-type=\"link\" data-id=\"https:\/\/oltcloud.co\/\">OLT Cloud<\/a><br>\u2013 Integraci\u00f3n <a href=\"https:\/\/meetingdoctors.com\/\" data-type=\"link\" data-id=\"https:\/\/meetingdoctors.com\/\">Rencontre avec les m\u00e9decins<\/a><\/p>\n\n\n\n<p><strong>Avril<\/strong><\/p>\n\n\n\n<p>- <strong><em>IMPORTANT<\/em><\/strong> Lancement de la version b\u00eata de la nouvelle application web\/native (android \/ ios) du syst\u00e8me d'autogestion des clients (<em>pour tous les clients \u00e0 partir du mois d'ao\u00fbt<\/em>)<\/p>\n\n\n\n<p><strong>Mars<\/strong><br>- <a href=\"https:\/\/www.anatod.com\/blog\/2025\/03\/28\/integramos-google-recaptcha-enterprise-para-mayor-seguridad\/\" data-type=\"link\" data-id=\"https:\/\/www.anatod.com\/blog\/2025\/03\/28\/integramos-google-recaptcha-enterprise-para-mayor-seguridad\/\">Google reCAPTCHA Enterprise<\/a><br>- <a href=\"https:\/\/www.anatod.com\/blog\/2025\/03\/21\/%f0%9f%93%a2-atencion-clientes-de-argentina-%f0%9f%87%a6%f0%9f%87%b7-regimen-de-transparencia-fiscal\/\" data-type=\"link\" data-id=\"https:\/\/www.anatod.com\/blog\/2025\/03\/21\/%f0%9f%93%a2-atencion-clientes-de-argentina-%f0%9f%87%a6%f0%9f%87%b7-regimen-de-transparencia-fiscal\/\">AFIP R\u00e9gime de transparence fiscale 5614\/2024<\/a><br>- Widget de croissance de l'entreprise (connexions internet)<br>- (Argentine) Facturation de la t\u00e9l\u00e9phonie mobile (imowi)<br>- Api : T\u00e9l\u00e9chargement de factures PDF, nouvelles fonctionnalit\u00e9s dans les modules compl\u00e9mentaires et les services Internet<\/p>\n\n\n\n<p><strong>F\u00e9vrier<\/strong><br>- Blocage des entr\u00e9es avec les adresses IP autoris\u00e9es<br>- Int\u00e9gration avec le syst\u00e8me de gestion de la relation client (CRM)<br>- Api : Ajout d'IP disponible individuellement ou par lots<\/p>\n\n\n\n<p><strong>Janvier<\/strong><br>- Nouvelle int\u00e9gration de l'internet par satellite avec Hispasat<br>- Modifications et optimisations des connexions internet pr\u00e9pay\u00e9es<br>- API : smartolt champs null (id, sn) et port FTTx pour lib\u00e9rer les connexions<\/p>\n\n\n\n<p><\/p>","protected":false},"excerpt":{"rendered":"<p>D\u00e9cembre \u2013 Personnalisation du scoring Google reCaptcha \u2013 Champ M\u00e9mo dans la configuration technique des connexions facturation seule \u2013 Scoring client \u2013 Veri\\*factu (Espagne) Novembre \u2013 D\u00e9sabonnement par e-mail des clients \u2013 Traduction en fran\u00e7ais Octobre \u2013 Int\u00e9gration de l'op\u00e9rateur logistique Redsla \u2013 Bouton de d\u00e9sabonnement dans les e-mails envoy\u00e9s depuis le syst\u00e8me. \u2013 Activation de la navigation multi-thread \u2013 Red\u00e9marrage du VPN de\u2026<\/p>","protected":false},"author":1,"featured_media":0,"parent":0,"menu_order":0,"comment_status":"closed","ping_status":"closed","template":"","meta":{"footnotes":""},"class_list":["post-79","page","type-page","status-publish","hentry"],"_links":{"self":[{"href":"https:\/\/wiki.anatod.com\/fr\/wp-json\/wp\/v2\/pages\/79","targetHints":{"allow":["GET"]}}],"collection":[{"href":"https:\/\/wiki.anatod.com\/fr\/wp-json\/wp\/v2\/pages"}],"about":[{"href":"https:\/\/wiki.anatod.com\/fr\/wp-json\/wp\/v2\/types\/page"}],"author":[{"embeddable":true,"href":"https:\/\/wiki.anatod.com\/fr\/wp-json\/wp\/v2\/users\/1"}],"replies":[{"embeddable":true,"href":"https:\/\/wiki.anatod.com\/fr\/wp-json\/wp\/v2\/comments?post=79"}],"version-history":[{"count":53,"href":"https:\/\/wiki.anatod.com\/fr\/wp-json\/wp\/v2\/pages\/79\/revisions"}],"predecessor-version":[{"id":418,"href":"https:\/\/wiki.anatod.com\/fr\/wp-json\/wp\/v2\/pages\/79\/revisions\/418"}],"wp:attachment":[{"href":"https:\/\/wiki.anatod.com\/fr\/wp-json\/wp\/v2\/media?parent=79"}],"curies":[{"name":"wp","href":"https:\/\/api.w.org\/{rel}","templated":true}]}}