{"id":92,"date":"2025-02-12T16:02:01","date_gmt":"2025-02-12T19:02:01","guid":{"rendered":"https:\/\/seashell-gull-453430.hostingersite.com\/?page_id=92"},"modified":"2025-02-12T16:02:02","modified_gmt":"2025-02-12T19:02:02","slug":"changelog-2024","status":"publish","type":"page","link":"https:\/\/wiki.anatod.com\/fr\/changelog-2024\/","title":{"rendered":"Journal des modifications 2024"},"content":{"rendered":"<p><strong>Novembre<\/strong><\/p>\n\n\n\n<ul class=\"wp-block-list\">\n<li>Siro QR Payment - Roela Bank<\/li>\n<\/ul>\n\n\n\n<p><strong>Septembre<\/strong><\/p>\n\n\n\n<ul class=\"wp-block-list\">\n<li>Int\u00e9gration de Suricata dans les tickets<\/li>\n<\/ul>\n\n\n\n<p><strong>Juillet<\/strong><\/p>\n\n\n\n<ul class=\"wp-block-list\">\n<li>Facturation plurimensuelle<\/li>\n<\/ul>\n\n\n\n<p><strong>Mai<\/strong><\/p>\n\n\n\n<ul class=\"wp-block-list\">\n<li>Liste A5 et A13 pour obtenir les donn\u00e9es fiscales de l'AFIP (Argentine)<\/li>\n<\/ul>\n\n\n\n<p><strong>Avril<\/strong><\/p>\n\n\n\n<ul class=\"wp-block-list\">\n<li>Profil personnalis\u00e9 sur les connexions SmartOLT<\/li>\n<\/ul>\n\n\n\n<p><strong>Mars<\/strong><\/p>\n\n\n\n<ul class=\"wp-block-list\">\n<li>Authentification \u00e0 2 facteurs (2FA)<\/li>\n\n\n\n<li>Chargement du stock de CPE \/ routeurs en masse par excel<\/li>\n\n\n\n<li>Mise \u00e0 jour de la liste des salaires des utilisateurs<\/li>\n\n\n\n<li>Super Notes - Nouvelles notes modales dans les profils des clients<\/li>\n<\/ul>\n\n\n\n<p><strong>Janvier<\/strong><\/p>\n\n\n\n<ul class=\"wp-block-list\">\n<li>Tableau de bord personnalis\u00e9 par utilisateur<\/li>\n\n\n\n<li>Mode sombre (l'ensemble du syst\u00e8me sera migr\u00e9 vers le mode sombre au cours des prochaines mises \u00e0 jour).<\/li>\n<\/ul>","protected":false},"excerpt":{"rendered":"<p>Novembre Septembre Juillet Mai Avril Mars Janvier<\/p>","protected":false},"author":1,"featured_media":0,"parent":0,"menu_order":0,"comment_status":"closed","ping_status":"closed","template":"","meta":{"footnotes":""},"class_list":["post-92","page","type-page","status-publish","hentry"],"_links":{"self":[{"href":"https:\/\/wiki.anatod.com\/fr\/wp-json\/wp\/v2\/pages\/92","targetHints":{"allow":["GET"]}}],"collection":[{"href":"https:\/\/wiki.anatod.com\/fr\/wp-json\/wp\/v2\/pages"}],"about":[{"href":"https:\/\/wiki.anatod.com\/fr\/wp-json\/wp\/v2\/types\/page"}],"author":[{"embeddable":true,"href":"https:\/\/wiki.anatod.com\/fr\/wp-json\/wp\/v2\/users\/1"}],"replies":[{"embeddable":true,"href":"https:\/\/wiki.anatod.com\/fr\/wp-json\/wp\/v2\/comments?post=92"}],"version-history":[{"count":1,"href":"https:\/\/wiki.anatod.com\/fr\/wp-json\/wp\/v2\/pages\/92\/revisions"}],"predecessor-version":[{"id":93,"href":"https:\/\/wiki.anatod.com\/fr\/wp-json\/wp\/v2\/pages\/92\/revisions\/93"}],"wp:attachment":[{"href":"https:\/\/wiki.anatod.com\/fr\/wp-json\/wp\/v2\/media?parent=92"}],"curies":[{"name":"wp","href":"https:\/\/api.w.org\/{rel}","templated":true}]}}