{"id":94,"date":"2025-02-12T16:02:34","date_gmt":"2025-02-12T19:02:34","guid":{"rendered":"https:\/\/seashell-gull-453430.hostingersite.com\/?page_id=94"},"modified":"2025-02-12T16:02:35","modified_gmt":"2025-02-12T19:02:35","slug":"changelog-2023","status":"publish","type":"page","link":"https:\/\/wiki.anatod.com\/fr\/changelog-2023\/","title":{"rendered":"Journal des modifications 2023"},"content":{"rendered":"<p><strong>D\u00e9cembre<\/strong><\/p>\n\n\n\n<ul class=\"wp-block-list\">\n<li>Donn\u00e9es sur les connexions en temps r\u00e9el dans le profil du client.<\/li>\n\n\n\n<li>Int\u00e9gration de l'API Finetwork (Espagne)<\/li>\n\n\n\n<li>Liste des adresses IP par n\u0153ud\/sous-n\u0153ud<\/li>\n\n\n\n<li>D\u00e9tection des clients qui consomment beaucoup de donn\u00e9es, filtr\u00e9s dans la liste des connexions.<\/li>\n<\/ul>\n\n\n\n<p><strong>Novembre<\/strong><\/p>\n\n\n\n<ul class=\"wp-block-list\">\n<li>Liste comparative SmartOLT vs ISPkeeper pour la synchronisation et le contr\u00f4le des connexions.<\/li>\n\n\n\n<li>Int\u00e9gration de Pagoralia - Oxxo (Mexique)<\/li>\n\n\n\n<li>Temps \u00e9coul\u00e9 d'un ticket de travail.<\/li>\n<\/ul>\n\n\n\n<p><strong>Octobre<\/strong><\/p>\n\n\n\n<ul class=\"wp-block-list\">\n<li>Carte dans la liste des connexions avec la technologie Google Maps.<\/li>\n\n\n\n<li>Consommation du mois regroup\u00e9e en graphiques exportables.<\/li>\n\n\n\n<li>Notes de cr\u00e9dit approuv\u00e9es pour l'Espagne.<\/li>\n\n\n\n<li>D\u00e9bit automatique aupr\u00e8s de plusieurs entreprises.<\/li>\n\n\n\n<li>Contr\u00f4le de la consommation avec modification du profil de vitesse en fonction de la consommation du mois dans SmartOLT.<\/li>\n<\/ul>\n\n\n\n<p><strong>Septembre<\/strong><\/p>\n\n\n\n<ul class=\"wp-block-list\">\n<li>Les donn\u00e9es des clients sont s\u00e9par\u00e9es en coordonn\u00e9es et en m\u00e9thodes de facturation et de paiement, avec des autorisations individuelles pour un meilleur contr\u00f4le de l'information.<\/li>\n\n\n\n<li>La premi\u00e8re version de l'API est activ\u00e9e<\/li>\n<\/ul>\n\n\n\n<p><strong>Ao\u00fbt<\/strong><\/p>\n\n\n\n<ul class=\"wp-block-list\">\n<li>Int\u00e9gration des collections avec Redsys (Espagne)<\/li>\n\n\n\n<li>L'option pr\u00e9pay\u00e9e est activ\u00e9e pour les connexions internet.<\/li>\n<\/ul>\n\n\n\n<p><strong>Juillet<\/strong><\/p>\n\n\n\n<ul class=\"wp-block-list\">\n<li>Configuration du client Wifi par le protocole TR-069 (SmartOLT)<\/li>\n<\/ul>\n\n\n\n<p><strong>Mai<\/strong><\/p>\n\n\n\n<ul class=\"wp-block-list\">\n<li>Facture \u00e9lectronique V4 (Mexique)<\/li>\n\n\n\n<li>Postes de facturation suppl\u00e9mentaires dans les tickets<\/li>\n<\/ul>\n\n\n\n<p><strong>Avril<\/strong><\/p>\n\n\n\n<ul class=\"wp-block-list\">\n<li>Recouvreurs de dettes avec le montant exact de la dette.<\/li>\n\n\n\n<li>Carte de d\u00e9bit automatique Tarjeta Naranja (Argentine)<\/li>\n\n\n\n<li>Synchronisation des vitesses et des param\u00e8tres avec SmartOLT<\/li>\n\n\n\n<li>Tarification personnalis\u00e9e pour les plans de r\u00e9duction pr\u00e9pay\u00e9s<\/li>\n<\/ul>\n\n\n\n<p><strong>Mars<\/strong><\/p>\n\n\n\n<ul class=\"wp-block-list\">\n<li>Configuration du CSAT et personnalisation de la politique de confidentialit\u00e9, des conditions g\u00e9n\u00e9rales et des cookies<\/li>\n\n\n\n<li>Changement d'identifiant SmartOLT<\/li>\n\n\n\n<li>Afficher la carte et le port de la connexion FFTh (SmartOLT)<\/li>\n<\/ul>\n\n\n\n<p><strong>F\u00e9vrier<\/strong><\/p>\n\n\n\n<ul class=\"wp-block-list\">\n<li>Int\u00e9gration CDR Lemonvil (Espagne)<\/li>\n\n\n\n<li>Valideur DNI \/ CUIT \/ PASAPORTE \/ RFC en Argentine, Mexique et Espagne<\/li>\n\n\n\n<li>Valideur CBU (Argentine)<\/li>\n\n\n\n<li>Valideur IBAN (Europe)<\/li>\n\n\n\n<li>Valideur de carte de cr\u00e9dit et de d\u00e9bit<\/li>\n\n\n\n<li>Valideur d'email int\u00e9gr\u00e9 \u00e0 Hunter.io<\/li>\n<\/ul>\n\n\n\n<p><strong>Janvier<\/strong><\/p>\n\n\n\n<ul class=\"wp-block-list\">\n<li>Stock - Approvisionnement en mat\u00e9riaux<\/li>\n\n\n\n<li>PPPoE Provisioning (Mikrotik) avec SmartOLT (FTTx)<\/li>\n\n\n\n<li>Collections avec MercadoPago Mexico (Oxxo, Cartes, Banques)<\/li>\n<\/ul>","protected":false},"excerpt":{"rendered":"<p>D\u00e9cembre Novembre Octobre Septembre Ao\u00fbt Juillet Mai Avril Mars F\u00e9vrier Janvier<\/p>","protected":false},"author":1,"featured_media":0,"parent":0,"menu_order":0,"comment_status":"closed","ping_status":"closed","template":"","meta":{"footnotes":""},"class_list":["post-94","page","type-page","status-publish","hentry"],"_links":{"self":[{"href":"https:\/\/wiki.anatod.com\/fr\/wp-json\/wp\/v2\/pages\/94","targetHints":{"allow":["GET"]}}],"collection":[{"href":"https:\/\/wiki.anatod.com\/fr\/wp-json\/wp\/v2\/pages"}],"about":[{"href":"https:\/\/wiki.anatod.com\/fr\/wp-json\/wp\/v2\/types\/page"}],"author":[{"embeddable":true,"href":"https:\/\/wiki.anatod.com\/fr\/wp-json\/wp\/v2\/users\/1"}],"replies":[{"embeddable":true,"href":"https:\/\/wiki.anatod.com\/fr\/wp-json\/wp\/v2\/comments?post=94"}],"version-history":[{"count":1,"href":"https:\/\/wiki.anatod.com\/fr\/wp-json\/wp\/v2\/pages\/94\/revisions"}],"predecessor-version":[{"id":95,"href":"https:\/\/wiki.anatod.com\/fr\/wp-json\/wp\/v2\/pages\/94\/revisions\/95"}],"wp:attachment":[{"href":"https:\/\/wiki.anatod.com\/fr\/wp-json\/wp\/v2\/media?parent=94"}],"curies":[{"name":"wp","href":"https:\/\/api.w.org\/{rel}","templated":true}]}}