{"id":96,"date":"2025-02-12T16:02:53","date_gmt":"2025-02-12T19:02:53","guid":{"rendered":"https:\/\/seashell-gull-453430.hostingersite.com\/?page_id=96"},"modified":"2025-02-13T16:16:46","modified_gmt":"2025-02-13T19:16:46","slug":"changelog-2022","status":"publish","type":"page","link":"https:\/\/wiki.anatod.com\/fr\/changelog-2022\/","title":{"rendered":"Journal des modifications 2022"},"content":{"rendered":"<p><strong>D\u00e9cembre<\/strong><\/p>\n\n\n\n<ul class=\"wp-block-list\">\n<li>Notification au client X jours avant le blocage du service (SMS \/ Email \/ Whatsapp)<\/li>\n\n\n\n<li>Plusieurs enqu\u00eates de satisfaction sur les services (CSAT) filtr\u00e9es par utilisateur du service client.<\/li>\n\n\n\n<li>Permettre des services avec un engagement de paiement rapide \u00e0 partir du profil du client.<\/li>\n\n\n\n<li>Liste des ICCID dans la t\u00e9l\u00e9phonie mobile<\/li>\n\n\n\n<li>Banco Roela Siro - Liste des intentions de paiement<\/li>\n\n\n\n<li>Archiver les billets dans la liste.<\/li>\n<\/ul>\n\n\n\n<p><strong>Octobre<\/strong><br>Int\u00e9gration officielle de la messagerie WhatsApp avec Teleprom\u00a0<a href=\"https:\/\/www.teleprom.com\/\">https:\/\/www.teleprom.com\/<\/a><\/p>\n\n\n\n<p><strong>Septembre<\/strong><br>Liste des factures en attente de recouvrement.<br>Syst\u00e8me client, possibilit\u00e9 de cr\u00e9er des tickets d'assistance<br>APP T\u00e9cnicos - Carte des bo\u00eetiers de fibre optique int\u00e9gr\u00e9e \u00e0 Google Maps.<br>API pour le formulaire de demande de service avec int\u00e9gration au syst\u00e8me de billetterie.<\/p>\n\n\n\n<p><strong>Ao\u00fbt<\/strong><br>Envoi d'e-mails en masse \u00e0 partir de listes suppl\u00e9mentaires<\/p>\n\n\n\n<p><strong>Juillet<\/strong><br>Cat\u00e9gorie de fournisseur<br>Annulation des recouvrements et des factures avec motifs<\/p>\n\n\n\n<p><strong>Juin<\/strong><br>Statistiques et donn\u00e9es sur les signaux Huawei et ZTE UN (SmartOLT)<br>Liste des prix des abonnements, des ajouts, des suppl\u00e9ments et des connexions interrompues.<\/p>\n\n\n\n<p><strong>Mai<\/strong><br>Nom de domaine dans les connexions client.<br>Int\u00e9gration TV avec Huawei et ZTE UNO (SmartOLT)<br>Autogestion des clients - Consultation des tickets d'assistance.<br>FTTh - Commentaires et remarques sur chaque port et bo\u00eete.<br>Limite des encaissements par utilisateur.<br>Factures M dans Fournisseurs (Argentine)<\/p>\n\n\n\n<p><strong>Avril<\/strong><br>Nouvelle barre de menu lat\u00e9rale<br>Int\u00e9gration du paiement (MercadoPago) sur tous les billets.<\/p>\n\n\n\n<p><strong>Mars<\/strong><br>Statistiques des factures impay\u00e9es au cours du mois. Quantit\u00e9 et montant.<br>D\u00e9bit automatique CBU (compte bancaire) avec SIRO Banco Roela<br>Nouvel \u00e9cran de profil du client.<\/p>\n\n\n\n<p><strong>F\u00e9vrier<\/strong><br>Nouveaux filtres dans la liste des blocs de services de masse<br>Int\u00e9gration de Rocstar.tv \u00e0 la t\u00e9l\u00e9vision sur IP (<a href=\"https:\/\/www.rocstar.tv\/\">https:\/\/www.rocstar.tv\/<\/a>)<br>Configuration des Vlan et sVlan en FTTx (Smartolt)<br>Cartes GeoGrid - Int\u00e9gration du r\u00e9seau FTTx (<a href=\"https:\/\/geogridmaps.com.br\/\">https:\/\/geogridmaps.com.br\/<\/a>)<br>D\u00e9tails de la carte de cr\u00e9dit ou de d\u00e9bit lors de l'encaissement.<br>Int\u00e9gration de l'encaissement de PayU Latam. (<a href=\"https:\/\/payu.com\/\">https:\/\/payu.com\/<\/a>)<\/p>\n\n\n\n<p><strong>Janvier<\/strong><br>Facture \u00e9lectronique Monotax (Argentine)<br>Liste des clients de New design<br>Nouvelle conception Liste des connexions<br>Nouvelle conception du profil du client<br>Facture \u00e9lectronique Mexique (Service Fel.mx - Blikon)<br>Statistiques historiques sur la migration du sans fil vers la fibre optique<\/p>","protected":false},"excerpt":{"rendered":"<p>D\u00e9cembre OctobreInt\u00e9gration de l'envoi de messages WhatsApp Official avec Teleprom https:\/\/www.teleprom.com\/ SeptembreListe des factures en attente de recouvrement.Syst\u00e8me client, possibilit\u00e9 de cr\u00e9er un ticket d'assistanceAPP Technique - Carte des bo\u00eetiers de fibre optique int\u00e9gr\u00e9e \u00e0 Google Maps.API pour le formulaire de demande de service avec int\u00e9gration au syst\u00e8me de ticketing. Ao\u00fbtEnvoi de...<\/p>","protected":false},"author":1,"featured_media":0,"parent":0,"menu_order":0,"comment_status":"closed","ping_status":"closed","template":"","meta":{"footnotes":""},"class_list":["post-96","page","type-page","status-publish","hentry"],"_links":{"self":[{"href":"https:\/\/wiki.anatod.com\/fr\/wp-json\/wp\/v2\/pages\/96","targetHints":{"allow":["GET"]}}],"collection":[{"href":"https:\/\/wiki.anatod.com\/fr\/wp-json\/wp\/v2\/pages"}],"about":[{"href":"https:\/\/wiki.anatod.com\/fr\/wp-json\/wp\/v2\/types\/page"}],"author":[{"embeddable":true,"href":"https:\/\/wiki.anatod.com\/fr\/wp-json\/wp\/v2\/users\/1"}],"replies":[{"embeddable":true,"href":"https:\/\/wiki.anatod.com\/fr\/wp-json\/wp\/v2\/comments?post=96"}],"version-history":[{"count":2,"href":"https:\/\/wiki.anatod.com\/fr\/wp-json\/wp\/v2\/pages\/96\/revisions"}],"predecessor-version":[{"id":281,"href":"https:\/\/wiki.anatod.com\/fr\/wp-json\/wp\/v2\/pages\/96\/revisions\/281"}],"wp:attachment":[{"href":"https:\/\/wiki.anatod.com\/fr\/wp-json\/wp\/v2\/media?parent=96"}],"curies":[{"name":"wp","href":"https:\/\/api.w.org\/{rel}","templated":true}]}}