{"id":98,"date":"2025-02-12T16:03:16","date_gmt":"2025-02-12T19:03:16","guid":{"rendered":"https:\/\/seashell-gull-453430.hostingersite.com\/?page_id=98"},"modified":"2025-02-13T16:17:50","modified_gmt":"2025-02-13T19:17:50","slug":"changelog-2021","status":"publish","type":"page","link":"https:\/\/wiki.anatod.com\/fr\/changelog-2021\/","title":{"rendered":"Journal des modifications 2021"},"content":{"rendered":"<p><strong>D\u00e9cembre<\/strong><br>Envoi d'un courrier client avec enregistrement d'un ticket d'assistance<br>Statistiques des \u00e9quipements install\u00e9s par marque et mod\u00e8le.<br>Statistiques par type de connexion en installation et en cours.<br>Graphique de la consommation moyenne\/vitesse sur la facture du client.<\/p>\n\n\n\n<p><strong>Novembre<\/strong><br>R\u00e9solution ENACOM (Argentine) 2884-E\/2017<\/p>\n\n\n\n<p><strong>Octobre<\/strong><br>Nouvelles inscriptions int\u00e9grant Bootstrap 5.1. 100% Full responsive.<br>Calcul de la variation des encaissements des clients<br>Devis de l'installation avec l'enregistrement des billets<\/p>\n\n\n\n<p><strong>Septembre<\/strong><br>Relation entre les cr\u00e9ances et la facture pour d\u00e9terminer un compte courant plus pr\u00e9cis chez le client.<br>T\u00e9l\u00e9chargement de la documentation dans le profil de chaque client.<br>Facture TVA 0% pour la zone franche (Argentine)<br>SIRO Pagos Mis Cuentas - Red Link (Argentine)<\/p>\n\n\n\n<p><strong>Ao\u00fbt<\/strong><br>Supprimer une facture fournisseur<br>Statistiques d'utilisation du mat\u00e9riel sur les tickets d'installation, les tickets d'assistance, l'abandon des techniciens.<br>Envoi d'e-mails et de SMS avec les donn\u00e9es d'acc\u00e8s au syst\u00e8me d'autogestion des clients.<br>Blocage du ticket d'assistance lorsqu'un autre utilisateur travaille.<br>Nouvelles statistiques de facturation filtr\u00e9es par points de vente et succursales (sites).<br>Cashback Lapos - Cashback Lapos - Retrait d'argent<br>modification du mot de passe expir\u00e9<br>V\u00e9rification en temps r\u00e9el du CUIT des fournisseurs avec l'AFIP (Argentine)<br>Importer les factures des fournisseurs de Mis Comprobantes AFIP (Argentine)<\/p>\n\n\n\n<p><strong>Juillet<\/strong><br>Facture A Monotax (Loi 27.618 - Argentine)<br>Livre de vente de la TVA num\u00e9rique (Argentine)<br>Envoi par courriel d'un lien vers le contrat d'installation<br>Salaires - Compte courant des employ\u00e9s avec les ajustements, les salaires et les paiements.<\/p>\n\n\n\n<p><strong>Juin<\/strong><br>Remboursement SEPA avec une majoration personnalis\u00e9e pour chaque client.<br>Statistiques techniques : temps de travail moyen pour chaque cat\u00e9gorie de billet, temps de d\u00e9placement et temps d'indisponibilit\u00e9. Carte int\u00e9gr\u00e9e avec google maps pour obtenir la g\u00e9olocalisation du travail.<br>Facture manuelle avec pi\u00e8ces jointes.<br>Facture de cr\u00e9dit \u00e9lectronique MiPyME AFIP (Argentine)<br>Param\u00e8tres personnalis\u00e9s de r\u00e9solution des tickets d'assistance.<br>Nouvelles statistiques sur les tickets avec design responsive, x jour et heure avec date de cr\u00e9ation et d'ach\u00e8vement.<br>Notes autocollantes chez les fournisseurs<br>Calendrier des tickets (support, installation) par branches\/localisations.<\/p>\n\n\n\n<p><strong>Mai<\/strong><br>Enqu\u00eate de satisfaction client personnalis\u00e9e avec statistiques<br>Statut du travail sur la liste des tickets en temps r\u00e9el avec l'application technicien de rue.<br>Paiement multiple \u00e0 l'installation<br>Application Service Bonus avec t\u00e9l\u00e9chargement des donn\u00e9es des clients.<br>Panneau de configuration client : Afficher le solde d\u00e9biteur sur la facture<br>Liste des prix supprim\u00e9s (plans, suppl\u00e9ments, connexions, etc.)<\/p>\n\n\n\n<p><strong>Avril<\/strong><br>Nouveau manuel de facturation.<br>AFIP (Argentine) - Note de cr\u00e9dit \/ d\u00e9bit selon la nouvelle r\u00e9solution.<br>Scell\u00e9s de s\u00e9curit\u00e9 (Security seal) sur les connexions FTTh<br>Nouveau syst\u00e8me de points de collecte.<br>Liste des cartes utilis\u00e9es par Cobro Digital.<br>Liste et statistiques des clients coup\u00e9s par p\u00e9riodes avec donn\u00e9es historiques.<br>D\u00e9bit automatique Banco Provincia Buenos Aires (Argentine)<br>Traitement des retours SEPA<\/p>\n\n\n\n<p><strong>Mars<\/strong><br>Commentaire sur la gestion des clients avec des fichiers multim\u00e9dias.<br>Historique de l'appareil, par adresse Mac, pour avoir un historique de la connexion\/client qui a utilis\u00e9 l'appareil.<br>Nouveau module : Budget<br>Transfert de tickets d'assistance entre clients<br>AFIP (Argentine) Int\u00e9gration au registre A13 pour obtenir les donn\u00e9es fiscales lors de l'enregistrement d'un client.<\/p>\n\n\n\n<p><strong>F\u00e9vrier<\/strong><br>Int\u00e9gration avec Banco Roela - SIRO<br>Code QR AFIP sur les factures \u00e9lectroniques (Argentine)<\/p>\n\n\n\n<p><strong>Janvier<\/strong><br>Syst\u00e8me client - Paiement partiel de la dette<\/p>","protected":false},"excerpt":{"rendered":"<p>D\u00e9cembreEnvoi de mail client avec enregistrement du ticket de supportStatistiques des \u00e9quipements install\u00e9s par marque et mod\u00e8le.Statistiques par type de connexion en installation et en cours.Graphique de consommation \/ vitesse moyenne dans la facture client. NovembreR\u00e9solution ENACOM (Argentine) 2884-E\/2017 OctobreNouveaux listings int\u00e9grant Bootstrap 5.1. 100% Full responsive.Calcul de l'\u00e9volution des encaissements de...<\/p>","protected":false},"author":1,"featured_media":0,"parent":0,"menu_order":0,"comment_status":"closed","ping_status":"closed","template":"","meta":{"footnotes":""},"class_list":["post-98","page","type-page","status-publish","hentry"],"_links":{"self":[{"href":"https:\/\/wiki.anatod.com\/fr\/wp-json\/wp\/v2\/pages\/98","targetHints":{"allow":["GET"]}}],"collection":[{"href":"https:\/\/wiki.anatod.com\/fr\/wp-json\/wp\/v2\/pages"}],"about":[{"href":"https:\/\/wiki.anatod.com\/fr\/wp-json\/wp\/v2\/types\/page"}],"author":[{"embeddable":true,"href":"https:\/\/wiki.anatod.com\/fr\/wp-json\/wp\/v2\/users\/1"}],"replies":[{"embeddable":true,"href":"https:\/\/wiki.anatod.com\/fr\/wp-json\/wp\/v2\/comments?post=98"}],"version-history":[{"count":2,"href":"https:\/\/wiki.anatod.com\/fr\/wp-json\/wp\/v2\/pages\/98\/revisions"}],"predecessor-version":[{"id":282,"href":"https:\/\/wiki.anatod.com\/fr\/wp-json\/wp\/v2\/pages\/98\/revisions\/282"}],"wp:attachment":[{"href":"https:\/\/wiki.anatod.com\/fr\/wp-json\/wp\/v2\/media?parent=98"}],"curies":[{"name":"wp","href":"https:\/\/api.w.org\/{rel}","templated":true}]}}